{"id":5269,"date":"2022-01-31T10:40:42","date_gmt":"2022-01-31T10:40:42","guid":{"rendered":"https:\/\/wp.themedemo.org\/WCM07\/WCM070159\/WP1\/?page_id=5269"},"modified":"2025-01-12T15:24:51","modified_gmt":"2025-01-12T14:24:51","slug":"galeria","status":"publish","type":"page","link":"https:\/\/www.costablancaadv.com\/en\/galeria\/","title":{"rendered":"Gallery"},"content":{"rendered":"<div data-elementor-type=\"wp-page\" data-elementor-id=\"5269\" class=\"elementor elementor-5269\">\n\t\t\t\t\t\t<div class=\"elementor-section elementor-top-section elementor-element elementor-element-ed571ce elementor-section-boxed elementor-section-height-default elementor-section-height-default\" data-id=\"ed571ce\" data-element_type=\"section\" data-e-type=\"section\">\n\t\t\t\t\t\t<div class=\"elementor-container elementor-column-gap-default\">\n\t\t\t\t\t<div class=\"elementor-column elementor-col-100 elementor-top-column elementor-element elementor-element-05200de\" data-id=\"05200de\" data-element_type=\"column\" data-e-type=\"column\">\n\t\t\t<div class=\"elementor-widget-wrap elementor-element-populated\">\n\t\t\t\t\t\t<div class=\"elementor-element elementor-element-6ea4206 elementor-widget elementor-widget-heading\" data-id=\"6ea4206\" data-element_type=\"widget\" data-e-type=\"widget\" data-widget_type=\"heading.default\">\n\t\t\t\t<div class=\"elementor-widget-container\">\n\t\t\t\t\t<h2 class=\"elementor-heading-title elementor-size-default\">Our Routes Captured<\/h2>\t\t\t\t<\/div>\n\t\t\t\t<\/div>\n\t\t\t\t<div class=\"elementor-element elementor-element-90a547a elementor-widget elementor-widget-heading\" data-id=\"90a547a\" data-element_type=\"widget\" data-e-type=\"widget\" data-widget_type=\"heading.default\">\n\t\t\t\t<div class=\"elementor-widget-container\">\n\t\t\t\t\t<span class=\"elementor-heading-title elementor-size-default\">Moments from our journeys - <br>views that stay in your memory forever<\/span>\t\t\t\t<\/div>\n\t\t\t\t<\/div>\n\t\t\t\t<div class=\"elementor-element elementor-element-2ccc4b1 elementor-widget elementor-widget-spacer\" data-id=\"2ccc4b1\" data-element_type=\"widget\" data-e-type=\"widget\" data-widget_type=\"spacer.default\">\n\t\t\t\t<div class=\"elementor-widget-container\">\n\t\t\t\t\t\t\t<div class=\"elementor-spacer\">\n\t\t\t<div class=\"elementor-spacer-inner\"><\/div>\n\t\t<\/div>\n\t\t\t\t\t\t<\/div>\n\t\t\t\t<\/div>\n\t\t\t\t<div class=\"elementor-element elementor-element-2ce235a elementor-widget elementor-widget-image-gallery\" data-id=\"2ce235a\" data-element_type=\"widget\" data-e-type=\"widget\" data-widget_type=\"image-gallery.default\">\n\t\t\t\t<div class=\"elementor-widget-container\">\n\t\t\t\t\t\t\t<div class=\"elementor-image-gallery\">\n\t\t\t<div id='gallery-1' class='gallery galleryid-5269 gallery-columns-3 gallery-size-full'><figure class='gallery-item'>\n\t\t\t<div class='gallery-icon landscape'>\n\t\t\t\t<a data-elementor-open-lightbox=\"yes\" data-elementor-lightbox-slideshow=\"2ce235a\" data-elementor-lightbox-title=\"trasy18\" data-e-action-hash=\"#elementor-action%3Aaction%3Dlightbox%26settings%3DeyJpZCI6MTA5MjMsInVybCI6Imh0dHBzOlwvXC93d3cuY29zdGFibGFuY2FhZHYuY29tXC93cC1jb250ZW50XC91cGxvYWRzXC8yMDI1XC8wMVwvdHJhc3kxOC5wbmciLCJzbGlkZXNob3ciOiIyY2UyMzVhIn0%3D\" href='https:\/\/www.costablancaadv.com\/wp-content\/uploads\/2025\/01\/trasy18.png'><img fetchpriority=\"high\" decoding=\"async\" width=\"1688\" height=\"1048\" src=\"https:\/\/www.costablancaadv.com\/wp-content\/uploads\/2025\/01\/trasy18.png\" class=\"attachment-full size-full\" alt=\"\" srcset=\"https:\/\/www.costablancaadv.com\/wp-content\/uploads\/2025\/01\/trasy18.png 1688w, https:\/\/www.costablancaadv.com\/wp-content\/uploads\/2025\/01\/trasy18-300x186.png 300w, https:\/\/www.costablancaadv.com\/wp-content\/uploads\/2025\/01\/trasy18-1024x636.png 1024w, https:\/\/www.costablancaadv.com\/wp-content\/uploads\/2025\/01\/trasy18-768x477.png 768w, https:\/\/www.costablancaadv.com\/wp-content\/uploads\/2025\/01\/trasy18-1536x954.png 1536w\" sizes=\"(max-width: 1688px) 100vw, 1688px\" \/><\/a>\n\t\t\t<\/div><\/figure><figure class='gallery-item'>\n\t\t\t<div class='gallery-icon landscape'>\n\t\t\t\t<a data-elementor-open-lightbox=\"yes\" data-elementor-lightbox-slideshow=\"2ce235a\" data-elementor-lightbox-title=\"trasy17\" data-e-action-hash=\"#elementor-action%3Aaction%3Dlightbox%26settings%3DeyJpZCI6MTA5MjIsInVybCI6Imh0dHBzOlwvXC93d3cuY29zdGFibGFuY2FhZHYuY29tXC93cC1jb250ZW50XC91cGxvYWRzXC8yMDI1XC8wMVwvdHJhc3kxNy5wbmciLCJzbGlkZXNob3ciOiIyY2UyMzVhIn0%3D\" href='https:\/\/www.costablancaadv.com\/wp-content\/uploads\/2025\/01\/trasy17.png'><img decoding=\"async\" width=\"1688\" height=\"1048\" src=\"https:\/\/www.costablancaadv.com\/wp-content\/uploads\/2025\/01\/trasy17.png\" class=\"attachment-full size-full\" alt=\"\" srcset=\"https:\/\/www.costablancaadv.com\/wp-content\/uploads\/2025\/01\/trasy17.png 1688w, https:\/\/www.costablancaadv.com\/wp-content\/uploads\/2025\/01\/trasy17-300x186.png 300w, https:\/\/www.costablancaadv.com\/wp-content\/uploads\/2025\/01\/trasy17-1024x636.png 1024w, https:\/\/www.costablancaadv.com\/wp-content\/uploads\/2025\/01\/trasy17-768x477.png 768w, https:\/\/www.costablancaadv.com\/wp-content\/uploads\/2025\/01\/trasy17-1536x954.png 1536w\" sizes=\"(max-width: 1688px) 100vw, 1688px\" \/><\/a>\n\t\t\t<\/div><\/figure><figure class='gallery-item'>\n\t\t\t<div class='gallery-icon landscape'>\n\t\t\t\t<a data-elementor-open-lightbox=\"yes\" data-elementor-lightbox-slideshow=\"2ce235a\" data-elementor-lightbox-title=\"trasy15\" data-e-action-hash=\"#elementor-action%3Aaction%3Dlightbox%26settings%3DeyJpZCI6MTA5MjEsInVybCI6Imh0dHBzOlwvXC93d3cuY29zdGFibGFuY2FhZHYuY29tXC93cC1jb250ZW50XC91cGxvYWRzXC8yMDI1XC8wMVwvdHJhc3kxNS5wbmciLCJzbGlkZXNob3ciOiIyY2UyMzVhIn0%3D\" href='https:\/\/www.costablancaadv.com\/wp-content\/uploads\/2025\/01\/trasy15.png'><img decoding=\"async\" width=\"1688\" height=\"1048\" src=\"https:\/\/www.costablancaadv.com\/wp-content\/uploads\/2025\/01\/trasy15.png\" class=\"attachment-full size-full\" alt=\"\" srcset=\"https:\/\/www.costablancaadv.com\/wp-content\/uploads\/2025\/01\/trasy15.png 1688w, https:\/\/www.costablancaadv.com\/wp-content\/uploads\/2025\/01\/trasy15-300x186.png 300w, https:\/\/www.costablancaadv.com\/wp-content\/uploads\/2025\/01\/trasy15-1024x636.png 1024w, https:\/\/www.costablancaadv.com\/wp-content\/uploads\/2025\/01\/trasy15-768x477.png 768w, https:\/\/www.costablancaadv.com\/wp-content\/uploads\/2025\/01\/trasy15-1536x954.png 1536w\" sizes=\"(max-width: 1688px) 100vw, 1688px\" \/><\/a>\n\t\t\t<\/div><\/figure><figure class='gallery-item'>\n\t\t\t<div class='gallery-icon landscape'>\n\t\t\t\t<a data-elementor-open-lightbox=\"yes\" data-elementor-lightbox-slideshow=\"2ce235a\" data-elementor-lightbox-title=\"trasy14\" data-e-action-hash=\"#elementor-action%3Aaction%3Dlightbox%26settings%3DeyJpZCI6MTA5MjAsInVybCI6Imh0dHBzOlwvXC93d3cuY29zdGFibGFuY2FhZHYuY29tXC93cC1jb250ZW50XC91cGxvYWRzXC8yMDI1XC8wMVwvdHJhc3kxNC5wbmciLCJzbGlkZXNob3ciOiIyY2UyMzVhIn0%3D\" href='https:\/\/www.costablancaadv.com\/wp-content\/uploads\/2025\/01\/trasy14.png'><img loading=\"lazy\" decoding=\"async\" width=\"1688\" height=\"1048\" src=\"https:\/\/www.costablancaadv.com\/wp-content\/uploads\/2025\/01\/trasy14.png\" class=\"attachment-full size-full\" alt=\"\" srcset=\"https:\/\/www.costablancaadv.com\/wp-content\/uploads\/2025\/01\/trasy14.png 1688w, https:\/\/www.costablancaadv.com\/wp-content\/uploads\/2025\/01\/trasy14-300x186.png 300w, https:\/\/www.costablancaadv.com\/wp-content\/uploads\/2025\/01\/trasy14-1024x636.png 1024w, https:\/\/www.costablancaadv.com\/wp-content\/uploads\/2025\/01\/trasy14-768x477.png 768w, https:\/\/www.costablancaadv.com\/wp-content\/uploads\/2025\/01\/trasy14-1536x954.png 1536w\" sizes=\"(max-width: 1688px) 100vw, 1688px\" \/><\/a>\n\t\t\t<\/div><\/figure><figure class='gallery-item'>\n\t\t\t<div class='gallery-icon landscape'>\n\t\t\t\t<a data-elementor-open-lightbox=\"yes\" data-elementor-lightbox-slideshow=\"2ce235a\" data-elementor-lightbox-title=\"Trasy12\" data-e-action-hash=\"#elementor-action%3Aaction%3Dlightbox%26settings%3DeyJpZCI6MTA5MTksInVybCI6Imh0dHBzOlwvXC93d3cuY29zdGFibGFuY2FhZHYuY29tXC93cC1jb250ZW50XC91cGxvYWRzXC8yMDI1XC8wMVwvVHJhc3kxMi5wbmciLCJzbGlkZXNob3ciOiIyY2UyMzVhIn0%3D\" href='https:\/\/www.costablancaadv.com\/wp-content\/uploads\/2025\/01\/Trasy12.png'><img loading=\"lazy\" decoding=\"async\" width=\"1688\" height=\"1048\" src=\"https:\/\/www.costablancaadv.com\/wp-content\/uploads\/2025\/01\/Trasy12.png\" class=\"attachment-full size-full\" alt=\"\" srcset=\"https:\/\/www.costablancaadv.com\/wp-content\/uploads\/2025\/01\/Trasy12.png 1688w, https:\/\/www.costablancaadv.com\/wp-content\/uploads\/2025\/01\/Trasy12-300x186.png 300w, https:\/\/www.costablancaadv.com\/wp-content\/uploads\/2025\/01\/Trasy12-1024x636.png 1024w, https:\/\/www.costablancaadv.com\/wp-content\/uploads\/2025\/01\/Trasy12-768x477.png 768w, https:\/\/www.costablancaadv.com\/wp-content\/uploads\/2025\/01\/Trasy12-1536x954.png 1536w\" sizes=\"(max-width: 1688px) 100vw, 1688px\" \/><\/a>\n\t\t\t<\/div><\/figure><figure class='gallery-item'>\n\t\t\t<div class='gallery-icon landscape'>\n\t\t\t\t<a data-elementor-open-lightbox=\"yes\" data-elementor-lightbox-slideshow=\"2ce235a\" data-elementor-lightbox-title=\"Trasy11\" data-e-action-hash=\"#elementor-action%3Aaction%3Dlightbox%26settings%3DeyJpZCI6MTA5MTgsInVybCI6Imh0dHBzOlwvXC93d3cuY29zdGFibGFuY2FhZHYuY29tXC93cC1jb250ZW50XC91cGxvYWRzXC8yMDI1XC8wMVwvVHJhc3kxMS5wbmciLCJzbGlkZXNob3ciOiIyY2UyMzVhIn0%3D\" href='https:\/\/www.costablancaadv.com\/wp-content\/uploads\/2025\/01\/Trasy11.png'><img loading=\"lazy\" decoding=\"async\" width=\"1688\" height=\"1048\" src=\"https:\/\/www.costablancaadv.com\/wp-content\/uploads\/2025\/01\/Trasy11.png\" class=\"attachment-full size-full\" alt=\"\" srcset=\"https:\/\/www.costablancaadv.com\/wp-content\/uploads\/2025\/01\/Trasy11.png 1688w, https:\/\/www.costablancaadv.com\/wp-content\/uploads\/2025\/01\/Trasy11-300x186.png 300w, https:\/\/www.costablancaadv.com\/wp-content\/uploads\/2025\/01\/Trasy11-1024x636.png 1024w, https:\/\/www.costablancaadv.com\/wp-content\/uploads\/2025\/01\/Trasy11-768x477.png 768w, https:\/\/www.costablancaadv.com\/wp-content\/uploads\/2025\/01\/Trasy11-1536x954.png 1536w\" sizes=\"(max-width: 1688px) 100vw, 1688px\" \/><\/a>\n\t\t\t<\/div><\/figure><figure class='gallery-item'>\n\t\t\t<div class='gallery-icon landscape'>\n\t\t\t\t<a data-elementor-open-lightbox=\"yes\" data-elementor-lightbox-slideshow=\"2ce235a\" data-elementor-lightbox-title=\"Trasy9\" data-e-action-hash=\"#elementor-action%3Aaction%3Dlightbox%26settings%3DeyJpZCI6MTA5MTcsInVybCI6Imh0dHBzOlwvXC93d3cuY29zdGFibGFuY2FhZHYuY29tXC93cC1jb250ZW50XC91cGxvYWRzXC8yMDI1XC8wMVwvVHJhc3k5LnBuZyIsInNsaWRlc2hvdyI6IjJjZTIzNWEifQ%3D%3D\" href='https:\/\/www.costablancaadv.com\/wp-content\/uploads\/2025\/01\/Trasy9.png'><img loading=\"lazy\" decoding=\"async\" width=\"1688\" height=\"1048\" src=\"https:\/\/www.costablancaadv.com\/wp-content\/uploads\/2025\/01\/Trasy9.png\" class=\"attachment-full size-full\" alt=\"\" srcset=\"https:\/\/www.costablancaadv.com\/wp-content\/uploads\/2025\/01\/Trasy9.png 1688w, https:\/\/www.costablancaadv.com\/wp-content\/uploads\/2025\/01\/Trasy9-300x186.png 300w, https:\/\/www.costablancaadv.com\/wp-content\/uploads\/2025\/01\/Trasy9-1024x636.png 1024w, https:\/\/www.costablancaadv.com\/wp-content\/uploads\/2025\/01\/Trasy9-768x477.png 768w, https:\/\/www.costablancaadv.com\/wp-content\/uploads\/2025\/01\/Trasy9-1536x954.png 1536w\" sizes=\"(max-width: 1688px) 100vw, 1688px\" \/><\/a>\n\t\t\t<\/div><\/figure><figure class='gallery-item'>\n\t\t\t<div class='gallery-icon landscape'>\n\t\t\t\t<a data-elementor-open-lightbox=\"yes\" data-elementor-lightbox-slideshow=\"2ce235a\" data-elementor-lightbox-title=\"Trasy8\" data-e-action-hash=\"#elementor-action%3Aaction%3Dlightbox%26settings%3DeyJpZCI6MTA5MTYsInVybCI6Imh0dHBzOlwvXC93d3cuY29zdGFibGFuY2FhZHYuY29tXC93cC1jb250ZW50XC91cGxvYWRzXC8yMDI1XC8wMVwvVHJhc3k4LnBuZyIsInNsaWRlc2hvdyI6IjJjZTIzNWEifQ%3D%3D\" href='https:\/\/www.costablancaadv.com\/wp-content\/uploads\/2025\/01\/Trasy8.png'><img loading=\"lazy\" decoding=\"async\" width=\"1688\" height=\"1048\" src=\"https:\/\/www.costablancaadv.com\/wp-content\/uploads\/2025\/01\/Trasy8.png\" class=\"attachment-full size-full\" alt=\"\" srcset=\"https:\/\/www.costablancaadv.com\/wp-content\/uploads\/2025\/01\/Trasy8.png 1688w, https:\/\/www.costablancaadv.com\/wp-content\/uploads\/2025\/01\/Trasy8-300x186.png 300w, https:\/\/www.costablancaadv.com\/wp-content\/uploads\/2025\/01\/Trasy8-1024x636.png 1024w, https:\/\/www.costablancaadv.com\/wp-content\/uploads\/2025\/01\/Trasy8-768x477.png 768w, https:\/\/www.costablancaadv.com\/wp-content\/uploads\/2025\/01\/Trasy8-1536x954.png 1536w\" sizes=\"(max-width: 1688px) 100vw, 1688px\" \/><\/a>\n\t\t\t<\/div><\/figure><figure class='gallery-item'>\n\t\t\t<div class='gallery-icon landscape'>\n\t\t\t\t<a data-elementor-open-lightbox=\"yes\" data-elementor-lightbox-slideshow=\"2ce235a\" data-elementor-lightbox-title=\"Trasy7\" data-e-action-hash=\"#elementor-action%3Aaction%3Dlightbox%26settings%3DeyJpZCI6MTA5MTUsInVybCI6Imh0dHBzOlwvXC93d3cuY29zdGFibGFuY2FhZHYuY29tXC93cC1jb250ZW50XC91cGxvYWRzXC8yMDI1XC8wMVwvVHJhc3k3LnBuZyIsInNsaWRlc2hvdyI6IjJjZTIzNWEifQ%3D%3D\" href='https:\/\/www.costablancaadv.com\/wp-content\/uploads\/2025\/01\/Trasy7.png'><img loading=\"lazy\" decoding=\"async\" width=\"1688\" height=\"1048\" src=\"https:\/\/www.costablancaadv.com\/wp-content\/uploads\/2025\/01\/Trasy7.png\" class=\"attachment-full size-full\" alt=\"\" srcset=\"https:\/\/www.costablancaadv.com\/wp-content\/uploads\/2025\/01\/Trasy7.png 1688w, https:\/\/www.costablancaadv.com\/wp-content\/uploads\/2025\/01\/Trasy7-300x186.png 300w, https:\/\/www.costablancaadv.com\/wp-content\/uploads\/2025\/01\/Trasy7-1024x636.png 1024w, https:\/\/www.costablancaadv.com\/wp-content\/uploads\/2025\/01\/Trasy7-768x477.png 768w, https:\/\/www.costablancaadv.com\/wp-content\/uploads\/2025\/01\/Trasy7-1536x954.png 1536w\" sizes=\"(max-width: 1688px) 100vw, 1688px\" \/><\/a>\n\t\t\t<\/div><\/figure><figure class='gallery-item'>\n\t\t\t<div class='gallery-icon landscape'>\n\t\t\t\t<a data-elementor-open-lightbox=\"yes\" data-elementor-lightbox-slideshow=\"2ce235a\" data-elementor-lightbox-title=\"Trasy6\" data-e-action-hash=\"#elementor-action%3Aaction%3Dlightbox%26settings%3DeyJpZCI6MTA5MTQsInVybCI6Imh0dHBzOlwvXC93d3cuY29zdGFibGFuY2FhZHYuY29tXC93cC1jb250ZW50XC91cGxvYWRzXC8yMDI1XC8wMVwvVHJhc3k2LnBuZyIsInNsaWRlc2hvdyI6IjJjZTIzNWEifQ%3D%3D\" href='https:\/\/www.costablancaadv.com\/wp-content\/uploads\/2025\/01\/Trasy6.png'><img loading=\"lazy\" decoding=\"async\" width=\"1688\" height=\"1048\" src=\"https:\/\/www.costablancaadv.com\/wp-content\/uploads\/2025\/01\/Trasy6.png\" class=\"attachment-full size-full\" alt=\"\" srcset=\"https:\/\/www.costablancaadv.com\/wp-content\/uploads\/2025\/01\/Trasy6.png 1688w, https:\/\/www.costablancaadv.com\/wp-content\/uploads\/2025\/01\/Trasy6-300x186.png 300w, https:\/\/www.costablancaadv.com\/wp-content\/uploads\/2025\/01\/Trasy6-1024x636.png 1024w, https:\/\/www.costablancaadv.com\/wp-content\/uploads\/2025\/01\/Trasy6-768x477.png 768w, https:\/\/www.costablancaadv.com\/wp-content\/uploads\/2025\/01\/Trasy6-1536x954.png 1536w\" sizes=\"(max-width: 1688px) 100vw, 1688px\" \/><\/a>\n\t\t\t<\/div><\/figure><figure class='gallery-item'>\n\t\t\t<div class='gallery-icon landscape'>\n\t\t\t\t<a data-elementor-open-lightbox=\"yes\" data-elementor-lightbox-slideshow=\"2ce235a\" data-elementor-lightbox-title=\"Trasy5\" data-e-action-hash=\"#elementor-action%3Aaction%3Dlightbox%26settings%3DeyJpZCI6MTA5MTMsInVybCI6Imh0dHBzOlwvXC93d3cuY29zdGFibGFuY2FhZHYuY29tXC93cC1jb250ZW50XC91cGxvYWRzXC8yMDI1XC8wMVwvVHJhc3k1LnBuZyIsInNsaWRlc2hvdyI6IjJjZTIzNWEifQ%3D%3D\" href='https:\/\/www.costablancaadv.com\/wp-content\/uploads\/2025\/01\/Trasy5.png'><img loading=\"lazy\" decoding=\"async\" width=\"1688\" height=\"1048\" src=\"https:\/\/www.costablancaadv.com\/wp-content\/uploads\/2025\/01\/Trasy5.png\" class=\"attachment-full size-full\" alt=\"\" srcset=\"https:\/\/www.costablancaadv.com\/wp-content\/uploads\/2025\/01\/Trasy5.png 1688w, https:\/\/www.costablancaadv.com\/wp-content\/uploads\/2025\/01\/Trasy5-300x186.png 300w, https:\/\/www.costablancaadv.com\/wp-content\/uploads\/2025\/01\/Trasy5-1024x636.png 1024w, https:\/\/www.costablancaadv.com\/wp-content\/uploads\/2025\/01\/Trasy5-768x477.png 768w, https:\/\/www.costablancaadv.com\/wp-content\/uploads\/2025\/01\/Trasy5-1536x954.png 1536w\" sizes=\"(max-width: 1688px) 100vw, 1688px\" \/><\/a>\n\t\t\t<\/div><\/figure><figure class='gallery-item'>\n\t\t\t<div class='gallery-icon landscape'>\n\t\t\t\t<a data-elementor-open-lightbox=\"yes\" data-elementor-lightbox-slideshow=\"2ce235a\" data-elementor-lightbox-title=\"Trasy4\" data-e-action-hash=\"#elementor-action%3Aaction%3Dlightbox%26settings%3DeyJpZCI6MTA5MTIsInVybCI6Imh0dHBzOlwvXC93d3cuY29zdGFibGFuY2FhZHYuY29tXC93cC1jb250ZW50XC91cGxvYWRzXC8yMDI1XC8wMVwvVHJhc3k0LnBuZyIsInNsaWRlc2hvdyI6IjJjZTIzNWEifQ%3D%3D\" href='https:\/\/www.costablancaadv.com\/wp-content\/uploads\/2025\/01\/Trasy4.png'><img loading=\"lazy\" decoding=\"async\" width=\"1688\" height=\"1048\" src=\"https:\/\/www.costablancaadv.com\/wp-content\/uploads\/2025\/01\/Trasy4.png\" class=\"attachment-full size-full\" alt=\"\" srcset=\"https:\/\/www.costablancaadv.com\/wp-content\/uploads\/2025\/01\/Trasy4.png 1688w, https:\/\/www.costablancaadv.com\/wp-content\/uploads\/2025\/01\/Trasy4-300x186.png 300w, https:\/\/www.costablancaadv.com\/wp-content\/uploads\/2025\/01\/Trasy4-1024x636.png 1024w, https:\/\/www.costablancaadv.com\/wp-content\/uploads\/2025\/01\/Trasy4-768x477.png 768w, https:\/\/www.costablancaadv.com\/wp-content\/uploads\/2025\/01\/Trasy4-1536x954.png 1536w\" sizes=\"(max-width: 1688px) 100vw, 1688px\" \/><\/a>\n\t\t\t<\/div><\/figure><figure class='gallery-item'>\n\t\t\t<div class='gallery-icon landscape'>\n\t\t\t\t<a data-elementor-open-lightbox=\"yes\" data-elementor-lightbox-slideshow=\"2ce235a\" data-elementor-lightbox-title=\"Trasy3\" data-e-action-hash=\"#elementor-action%3Aaction%3Dlightbox%26settings%3DeyJpZCI6MTA5MTEsInVybCI6Imh0dHBzOlwvXC93d3cuY29zdGFibGFuY2FhZHYuY29tXC93cC1jb250ZW50XC91cGxvYWRzXC8yMDI1XC8wMVwvVHJhc3kzLnBuZyIsInNsaWRlc2hvdyI6IjJjZTIzNWEifQ%3D%3D\" href='https:\/\/www.costablancaadv.com\/wp-content\/uploads\/2025\/01\/Trasy3.png'><img loading=\"lazy\" decoding=\"async\" width=\"1688\" height=\"1048\" src=\"https:\/\/www.costablancaadv.com\/wp-content\/uploads\/2025\/01\/Trasy3.png\" class=\"attachment-full size-full\" alt=\"\" srcset=\"https:\/\/www.costablancaadv.com\/wp-content\/uploads\/2025\/01\/Trasy3.png 1688w, https:\/\/www.costablancaadv.com\/wp-content\/uploads\/2025\/01\/Trasy3-300x186.png 300w, https:\/\/www.costablancaadv.com\/wp-content\/uploads\/2025\/01\/Trasy3-1024x636.png 1024w, https:\/\/www.costablancaadv.com\/wp-content\/uploads\/2025\/01\/Trasy3-768x477.png 768w, https:\/\/www.costablancaadv.com\/wp-content\/uploads\/2025\/01\/Trasy3-1536x954.png 1536w\" sizes=\"(max-width: 1688px) 100vw, 1688px\" \/><\/a>\n\t\t\t<\/div><\/figure><figure class='gallery-item'>\n\t\t\t<div class='gallery-icon landscape'>\n\t\t\t\t<a data-elementor-open-lightbox=\"yes\" data-elementor-lightbox-slideshow=\"2ce235a\" data-elementor-lightbox-title=\"Trasy2\" data-e-action-hash=\"#elementor-action%3Aaction%3Dlightbox%26settings%3DeyJpZCI6MTA5MTAsInVybCI6Imh0dHBzOlwvXC93d3cuY29zdGFibGFuY2FhZHYuY29tXC93cC1jb250ZW50XC91cGxvYWRzXC8yMDI1XC8wMVwvVHJhc3kyLnBuZyIsInNsaWRlc2hvdyI6IjJjZTIzNWEifQ%3D%3D\" href='https:\/\/www.costablancaadv.com\/wp-content\/uploads\/2025\/01\/Trasy2.png'><img loading=\"lazy\" decoding=\"async\" width=\"1688\" height=\"1048\" src=\"https:\/\/www.costablancaadv.com\/wp-content\/uploads\/2025\/01\/Trasy2.png\" class=\"attachment-full size-full\" alt=\"\" srcset=\"https:\/\/www.costablancaadv.com\/wp-content\/uploads\/2025\/01\/Trasy2.png 1688w, https:\/\/www.costablancaadv.com\/wp-content\/uploads\/2025\/01\/Trasy2-300x186.png 300w, https:\/\/www.costablancaadv.com\/wp-content\/uploads\/2025\/01\/Trasy2-1024x636.png 1024w, https:\/\/www.costablancaadv.com\/wp-content\/uploads\/2025\/01\/Trasy2-768x477.png 768w, https:\/\/www.costablancaadv.com\/wp-content\/uploads\/2025\/01\/Trasy2-1536x954.png 1536w\" sizes=\"(max-width: 1688px) 100vw, 1688px\" \/><\/a>\n\t\t\t<\/div><\/figure><figure class='gallery-item'>\n\t\t\t<div class='gallery-icon landscape'>\n\t\t\t\t<a data-elementor-open-lightbox=\"yes\" data-elementor-lightbox-slideshow=\"2ce235a\" data-elementor-lightbox-title=\"Trasy1\" data-e-action-hash=\"#elementor-action%3Aaction%3Dlightbox%26settings%3DeyJpZCI6MTA5MDksInVybCI6Imh0dHBzOlwvXC93d3cuY29zdGFibGFuY2FhZHYuY29tXC93cC1jb250ZW50XC91cGxvYWRzXC8yMDI1XC8wMVwvVHJhc3kxLnBuZyIsInNsaWRlc2hvdyI6IjJjZTIzNWEifQ%3D%3D\" href='https:\/\/www.costablancaadv.com\/wp-content\/uploads\/2025\/01\/Trasy1.png'><img loading=\"lazy\" decoding=\"async\" width=\"1688\" height=\"1048\" src=\"https:\/\/www.costablancaadv.com\/wp-content\/uploads\/2025\/01\/Trasy1.png\" class=\"attachment-full size-full\" alt=\"\" srcset=\"https:\/\/www.costablancaadv.com\/wp-content\/uploads\/2025\/01\/Trasy1.png 1688w, https:\/\/www.costablancaadv.com\/wp-content\/uploads\/2025\/01\/Trasy1-300x186.png 300w, https:\/\/www.costablancaadv.com\/wp-content\/uploads\/2025\/01\/Trasy1-1024x636.png 1024w, https:\/\/www.costablancaadv.com\/wp-content\/uploads\/2025\/01\/Trasy1-768x477.png 768w, https:\/\/www.costablancaadv.com\/wp-content\/uploads\/2025\/01\/Trasy1-1536x954.png 1536w\" sizes=\"(max-width: 1688px) 100vw, 1688px\" \/><\/a>\n\t\t\t<\/div><\/figure>\n\t\t<\/div>\n\t\t<\/div>\n\t\t\t\t\t\t<\/div>\n\t\t\t\t<\/div>\n\t\t\t\t\t<\/div>\n\t\t<\/div>\n\t\t\t\t\t<\/div>\n\t\t<\/div>\n\t\t\t\t<div class=\"elementor-section elementor-top-section elementor-element elementor-element-9442f3a elementor-section-boxed elementor-section-height-default elementor-section-height-default\" data-id=\"9442f3a\" data-element_type=\"section\" data-e-type=\"section\">\n\t\t\t\t\t\t<div class=\"elementor-container elementor-column-gap-default\">\n\t\t\t\t\t<div class=\"elementor-column elementor-col-100 elementor-top-column elementor-element elementor-element-ab54bd2\" data-id=\"ab54bd2\" data-element_type=\"column\" data-e-type=\"column\">\n\t\t\t<div class=\"elementor-widget-wrap elementor-element-populated\">\n\t\t\t\t\t\t<div class=\"elementor-element elementor-element-58e04d8 elementor-widget elementor-widget-heading\" data-id=\"58e04d8\" data-element_type=\"widget\" data-e-type=\"widget\" data-widget_type=\"heading.default\">\n\t\t\t\t<div class=\"elementor-widget-container\">\n\t\t\t\t\t<h2 class=\"elementor-heading-title elementor-size-default translation-block\">Excited to start your adventure? <br \/>Have any questions? We're here to help!<\/h2>\t\t\t\t<\/div>\n\t\t\t\t<\/div>\n\t\t\t\t<div class=\"elementor-element elementor-element-c65383d elementor-button-danger elementor-align-center elementor-widget elementor-widget-button\" data-id=\"c65383d\" data-element_type=\"widget\" data-e-type=\"widget\" data-widget_type=\"button.default\">\n\t\t\t\t<div class=\"elementor-widget-container\">\n\t\t\t\t\t\t\t\t\t<div class=\"elementor-button-wrapper\">\n\t\t\t\t\t<a class=\"elementor-button elementor-button-link elementor-size-sm\" href=\"\/en\/kontakt\/\">\n\t\t\t\t\t\t<span class=\"elementor-button-content-wrapper\">\n\t\t\t\t\t\t\t\t\t<span class=\"elementor-button-text\">Contact us<\/span>\n\t\t\t\t\t<\/span>\n\t\t\t\t\t<\/a>\n\t\t\t\t<\/div>\n\t\t\t\t\t\t\t\t<\/div>\n\t\t\t\t<\/div>\n\t\t\t\t\t<\/div>\n\t\t<\/div>\n\t\t\t\t\t<\/div>\n\t\t<\/div>\n\t\t\t\t<\/div>","protected":false},"excerpt":{"rendered":"<p>Nasze trasy w obiektywie Uchwycone chwile z naszych tras \u2013 \u2028 widoki, kt\u00f3re pozostaj\u0105 w pami\u0119ci na zawsze. Gotowy, by do\u015bwiadczy\u0107 niezapomnianych wra\u017ce\u0144? A mo\u017ce masz pytania? Skontaktuj si\u0119 z nami<\/p>","protected":false},"author":1,"featured_media":0,"parent":0,"menu_order":0,"comment_status":"closed","ping_status":"closed","template":"","meta":{"om_disable_all_campaigns":false,"_monsterinsights_skip_tracking":false,"_monsterinsights_sitenote_active":false,"_monsterinsights_sitenote_note":"","_monsterinsights_sitenote_category":0,"_tbt_post_transparent":"","_tbt_post_title":"","_tbt_post_layout":"","_tbt_post_sidebar_id":"","_tbt_post_content_style":"","_tbt_post_vertical_padding":"","_tbt_post_feature":"","_tbt_post_feature_position":"","_tbt_post_header":false,"_tbt_post_footer":false},"class_list":["post-5269","page","type-page","status-publish","hentry"],"aioseo_notices":[],"jetpack_sharing_enabled":true,"_links":{"self":[{"href":"https:\/\/www.costablancaadv.com\/en\/wp-json\/wp\/v2\/pages\/5269","targetHints":{"allow":["GET"]}}],"collection":[{"href":"https:\/\/www.costablancaadv.com\/en\/wp-json\/wp\/v2\/pages"}],"about":[{"href":"https:\/\/www.costablancaadv.com\/en\/wp-json\/wp\/v2\/types\/page"}],"author":[{"embeddable":true,"href":"https:\/\/www.costablancaadv.com\/en\/wp-json\/wp\/v2\/users\/1"}],"replies":[{"embeddable":true,"href":"https:\/\/www.costablancaadv.com\/en\/wp-json\/wp\/v2\/comments?post=5269"}],"version-history":[{"count":104,"href":"https:\/\/www.costablancaadv.com\/en\/wp-json\/wp\/v2\/pages\/5269\/revisions"}],"predecessor-version":[{"id":10966,"href":"https:\/\/www.costablancaadv.com\/en\/wp-json\/wp\/v2\/pages\/5269\/revisions\/10966"}],"wp:attachment":[{"href":"https:\/\/www.costablancaadv.com\/en\/wp-json\/wp\/v2\/media?parent=5269"}],"curies":[{"name":"wp","href":"https:\/\/api.w.org\/{rel}","templated":true}]}}