{"id":5160,"date":"2022-01-31T06:44:52","date_gmt":"2022-01-31T06:44:52","guid":{"rendered":"https:\/\/wp.themedemo.org\/WCM07\/WCM070159\/WP1\/?page_id=5160"},"modified":"2025-12-08T22:44:39","modified_gmt":"2025-12-08T21:44:39","slug":"motocykle","status":"publish","type":"page","link":"https:\/\/www.costablancaadv.com\/en\/motocykle\/","title":{"rendered":"Motorcycles"},"content":{"rendered":"<div data-elementor-type=\"wp-page\" data-elementor-id=\"5160\" class=\"elementor elementor-5160\">\n\t\t\t\t<div class=\"elementor-element elementor-element-342da4b e-flex e-con-boxed e-con e-parent\" data-id=\"342da4b\" data-element_type=\"container\" data-e-type=\"container\">\n\t\t\t\t\t<div class=\"e-con-inner\">\n\t\t<div class=\"elementor-element elementor-element-fee8cdd e-grid e-con-full e-con e-child\" data-id=\"fee8cdd\" data-element_type=\"container\" data-e-type=\"container\">\n\t\t\t\t<div class=\"elementor-element elementor-element-6f8326f elementor-widget elementor-widget-text-editor\" data-id=\"6f8326f\" data-element_type=\"widget\" data-e-type=\"widget\" data-widget_type=\"text-editor.default\">\n\t\t\t\t<div class=\"elementor-widget-container\">\n\t\t\t\t\t\t\t\t\t<p>We currently have 6 brand-new motorcycles available:<\/p>\n<p>3 x VOGE 525 DSX<\/p>\n<p>1 x BMW R1250GS<\/p>\n<p>1 x Honda CRF 300L<\/p>\n<p>1 x Royal Enfield 450 Himalayan<\/p>\n<p>1 x Honda XL750 Transalp<\/p>\n<p>Our motorcycle fleet will continue to grow regularly<\/p>\t\t\t\t\t\t\t\t<\/div>\n\t\t\t\t<\/div>\n\t\t\t\t<div class=\"elementor-element elementor-element-648b48f elementor-widget elementor-widget-video\" data-id=\"648b48f\" data-element_type=\"widget\" data-e-type=\"widget\" data-settings=\"{&quot;youtube_url&quot;:&quot;https:\\\/\\\/www.youtube.com\\\/watch?v=c4FFplyk30A&quot;,&quot;video_type&quot;:&quot;youtube&quot;,&quot;controls&quot;:&quot;yes&quot;}\" data-widget_type=\"video.default\">\n\t\t\t\t<div class=\"elementor-widget-container\">\n\t\t\t\t\t\t\t<div class=\"elementor-wrapper elementor-open-inline\">\n\t\t\t<div class=\"elementor-video\"><\/div>\t\t<\/div>\n\t\t\t\t\t\t<\/div>\n\t\t\t\t<\/div>\n\t\t\t\t<\/div>\n\t\t\t\t\t<\/div>\n\t\t\t\t<\/div>\n\t\t<div class=\"elementor-element elementor-element-26cd793 e-flex e-con-boxed e-con e-parent\" data-id=\"26cd793\" data-element_type=\"container\" data-e-type=\"container\">\n\t\t\t\t\t<div class=\"e-con-inner\">\n\t\t\t\t<div class=\"elementor-element elementor-element-9d9a42a elementor-widget elementor-widget-image-gallery\" data-id=\"9d9a42a\" data-element_type=\"widget\" data-e-type=\"widget\" data-widget_type=\"image-gallery.default\">\n\t\t\t\t<div class=\"elementor-widget-container\">\n\t\t\t\t\t\t\t<div class=\"elementor-image-gallery\">\n\t\t\t<div id='gallery-1' class='gallery galleryid-5160 gallery-columns-3 gallery-size-full'><figure class='gallery-item'>\n\t\t\t<div class='gallery-icon landscape'>\n\t\t\t\t<a data-elementor-open-lightbox=\"yes\" data-elementor-lightbox-slideshow=\"9d9a42a\" data-elementor-lightbox-title=\"Trasy4\" data-e-action-hash=\"#elementor-action%3Aaction%3Dlightbox%26settings%3DeyJpZCI6MTA2MzMsInVybCI6Imh0dHBzOlwvXC93d3cuY29zdGFibGFuY2FhZHYuY29tXC93cC1jb250ZW50XC91cGxvYWRzXC8yMDI1XC8wMVwvVHJhc3k0LTEuanBnIiwic2xpZGVzaG93IjoiOWQ5YTQyYSJ9\" href='https:\/\/www.costablancaadv.com\/wp-content\/uploads\/2025\/01\/Trasy4-1.jpg'><img fetchpriority=\"high\" decoding=\"async\" width=\"1200\" height=\"700\" src=\"https:\/\/www.costablancaadv.com\/wp-content\/uploads\/2025\/01\/Trasy4-1.jpg\" class=\"attachment-full size-full\" alt=\"\" srcset=\"https:\/\/www.costablancaadv.com\/wp-content\/uploads\/2025\/01\/Trasy4-1.jpg 1200w, https:\/\/www.costablancaadv.com\/wp-content\/uploads\/2025\/01\/Trasy4-1-300x175.jpg 300w, https:\/\/www.costablancaadv.com\/wp-content\/uploads\/2025\/01\/Trasy4-1-1024x597.jpg 1024w, https:\/\/www.costablancaadv.com\/wp-content\/uploads\/2025\/01\/Trasy4-1-768x448.jpg 768w\" sizes=\"(max-width: 1200px) 100vw, 1200px\" \/><\/a>\n\t\t\t<\/div><\/figure><figure class='gallery-item'>\n\t\t\t<div class='gallery-icon landscape'>\n\t\t\t\t<a data-elementor-open-lightbox=\"yes\" data-elementor-lightbox-slideshow=\"9d9a42a\" data-elementor-lightbox-title=\"20250108_095936\" data-e-action-hash=\"#elementor-action%3Aaction%3Dlightbox%26settings%3DeyJpZCI6MTA2NzYsInVybCI6Imh0dHBzOlwvXC93d3cuY29zdGFibGFuY2FhZHYuY29tXC93cC1jb250ZW50XC91cGxvYWRzXC8yMDI1XC8wMVwvMjAyNTAxMDhfMDk1OTM2LmpwZyIsInNsaWRlc2hvdyI6IjlkOWE0MmEifQ%3D%3D\" href='https:\/\/www.costablancaadv.com\/wp-content\/uploads\/2025\/01\/20250108_095936.jpg'><img decoding=\"async\" width=\"2100\" height=\"1182\" src=\"https:\/\/www.costablancaadv.com\/wp-content\/uploads\/2025\/01\/20250108_095936.jpg\" class=\"attachment-full size-full\" alt=\"\" srcset=\"https:\/\/www.costablancaadv.com\/wp-content\/uploads\/2025\/01\/20250108_095936.jpg 2100w, https:\/\/www.costablancaadv.com\/wp-content\/uploads\/2025\/01\/20250108_095936-300x169.jpg 300w, https:\/\/www.costablancaadv.com\/wp-content\/uploads\/2025\/01\/20250108_095936-1024x576.jpg 1024w, https:\/\/www.costablancaadv.com\/wp-content\/uploads\/2025\/01\/20250108_095936-768x432.jpg 768w, https:\/\/www.costablancaadv.com\/wp-content\/uploads\/2025\/01\/20250108_095936-1536x865.jpg 1536w, https:\/\/www.costablancaadv.com\/wp-content\/uploads\/2025\/01\/20250108_095936-2048x1153.jpg 2048w\" sizes=\"(max-width: 2100px) 100vw, 2100px\" \/><\/a>\n\t\t\t<\/div><\/figure><figure class='gallery-item'>\n\t\t\t<div class='gallery-icon landscape'>\n\t\t\t\t<a data-elementor-open-lightbox=\"yes\" data-elementor-lightbox-slideshow=\"9d9a42a\" data-elementor-lightbox-title=\"20250108_095856\" data-e-action-hash=\"#elementor-action%3Aaction%3Dlightbox%26settings%3DeyJpZCI6MTA2NzUsInVybCI6Imh0dHBzOlwvXC93d3cuY29zdGFibGFuY2FhZHYuY29tXC93cC1jb250ZW50XC91cGxvYWRzXC8yMDI1XC8wMVwvMjAyNTAxMDhfMDk1ODU2LTEuanBnIiwic2xpZGVzaG93IjoiOWQ5YTQyYSJ9\" href='https:\/\/www.costablancaadv.com\/wp-content\/uploads\/2025\/01\/20250108_095856-1.jpg'><img decoding=\"async\" width=\"2100\" height=\"1182\" src=\"https:\/\/www.costablancaadv.com\/wp-content\/uploads\/2025\/01\/20250108_095856-1.jpg\" class=\"attachment-full size-full\" alt=\"\" srcset=\"https:\/\/www.costablancaadv.com\/wp-content\/uploads\/2025\/01\/20250108_095856-1.jpg 2100w, https:\/\/www.costablancaadv.com\/wp-content\/uploads\/2025\/01\/20250108_095856-1-300x169.jpg 300w, https:\/\/www.costablancaadv.com\/wp-content\/uploads\/2025\/01\/20250108_095856-1-1024x576.jpg 1024w, https:\/\/www.costablancaadv.com\/wp-content\/uploads\/2025\/01\/20250108_095856-1-768x432.jpg 768w, https:\/\/www.costablancaadv.com\/wp-content\/uploads\/2025\/01\/20250108_095856-1-1536x865.jpg 1536w, https:\/\/www.costablancaadv.com\/wp-content\/uploads\/2025\/01\/20250108_095856-1-2048x1153.jpg 2048w\" sizes=\"(max-width: 2100px) 100vw, 2100px\" \/><\/a>\n\t\t\t<\/div><\/figure><figure class='gallery-item'>\n\t\t\t<div class='gallery-icon landscape'>\n\t\t\t\t<a data-elementor-open-lightbox=\"yes\" data-elementor-lightbox-slideshow=\"9d9a42a\" data-elementor-lightbox-title=\"20240507_175955\" data-e-action-hash=\"#elementor-action%3Aaction%3Dlightbox%26settings%3DeyJpZCI6MTA2NDQsInVybCI6Imh0dHBzOlwvXC93d3cuY29zdGFibGFuY2FhZHYuY29tXC93cC1jb250ZW50XC91cGxvYWRzXC8yMDI1XC8wMVwvMjAyNDA1MDdfMTc1OTU1LXNjYWxlZC5qcGciLCJzbGlkZXNob3ciOiI5ZDlhNDJhIn0%3D\" href='https:\/\/www.costablancaadv.com\/wp-content\/uploads\/2025\/01\/20240507_175955-scaled.jpg'><img loading=\"lazy\" decoding=\"async\" width=\"2560\" height=\"1182\" src=\"https:\/\/www.costablancaadv.com\/wp-content\/uploads\/2025\/01\/20240507_175955-scaled.jpg\" class=\"attachment-full size-full\" alt=\"\" srcset=\"https:\/\/www.costablancaadv.com\/wp-content\/uploads\/2025\/01\/20240507_175955-scaled.jpg 2560w, https:\/\/www.costablancaadv.com\/wp-content\/uploads\/2025\/01\/20240507_175955-300x139.jpg 300w, https:\/\/www.costablancaadv.com\/wp-content\/uploads\/2025\/01\/20240507_175955-1024x473.jpg 1024w, https:\/\/www.costablancaadv.com\/wp-content\/uploads\/2025\/01\/20240507_175955-768x355.jpg 768w, https:\/\/www.costablancaadv.com\/wp-content\/uploads\/2025\/01\/20240507_175955-1536x709.jpg 1536w, https:\/\/www.costablancaadv.com\/wp-content\/uploads\/2025\/01\/20240507_175955-2048x946.jpg 2048w\" sizes=\"(max-width: 2560px) 100vw, 2560px\" \/><\/a>\n\t\t\t<\/div><\/figure><figure class='gallery-item'>\n\t\t\t<div class='gallery-icon landscape'>\n\t\t\t\t<a data-elementor-open-lightbox=\"yes\" data-elementor-lightbox-slideshow=\"9d9a42a\" data-elementor-lightbox-title=\"20240424_175057\" data-e-action-hash=\"#elementor-action%3Aaction%3Dlightbox%26settings%3DeyJpZCI6MTA2NDIsInVybCI6Imh0dHBzOlwvXC93d3cuY29zdGFibGFuY2FhZHYuY29tXC93cC1jb250ZW50XC91cGxvYWRzXC8yMDI1XC8wMVwvMjAyNDA0MjRfMTc1MDU3LXNjYWxlZC5qcGciLCJzbGlkZXNob3ciOiI5ZDlhNDJhIn0%3D\" href='https:\/\/www.costablancaadv.com\/wp-content\/uploads\/2025\/01\/20240424_175057-scaled.jpg'><img loading=\"lazy\" decoding=\"async\" width=\"2560\" height=\"1180\" src=\"https:\/\/www.costablancaadv.com\/wp-content\/uploads\/2025\/01\/20240424_175057-scaled.jpg\" class=\"attachment-full size-full\" alt=\"\" srcset=\"https:\/\/www.costablancaadv.com\/wp-content\/uploads\/2025\/01\/20240424_175057-scaled.jpg 2560w, https:\/\/www.costablancaadv.com\/wp-content\/uploads\/2025\/01\/20240424_175057-300x138.jpg 300w, https:\/\/www.costablancaadv.com\/wp-content\/uploads\/2025\/01\/20240424_175057-1024x472.jpg 1024w, https:\/\/www.costablancaadv.com\/wp-content\/uploads\/2025\/01\/20240424_175057-768x354.jpg 768w, https:\/\/www.costablancaadv.com\/wp-content\/uploads\/2025\/01\/20240424_175057-1536x708.jpg 1536w, https:\/\/www.costablancaadv.com\/wp-content\/uploads\/2025\/01\/20240424_175057-2048x944.jpg 2048w\" sizes=\"(max-width: 2560px) 100vw, 2560px\" \/><\/a>\n\t\t\t<\/div><\/figure><figure class='gallery-item'>\n\t\t\t<div class='gallery-icon landscape'>\n\t\t\t\t<a data-elementor-open-lightbox=\"yes\" data-elementor-lightbox-slideshow=\"9d9a42a\" data-elementor-lightbox-title=\"20240426_154612\" data-e-action-hash=\"#elementor-action%3Aaction%3Dlightbox%26settings%3DeyJpZCI6MTA2NDMsInVybCI6Imh0dHBzOlwvXC93d3cuY29zdGFibGFuY2FhZHYuY29tXC93cC1jb250ZW50XC91cGxvYWRzXC8yMDI1XC8wMVwvMjAyNDA0MjZfMTU0NjEyLXNjYWxlZC5qcGciLCJzbGlkZXNob3ciOiI5ZDlhNDJhIn0%3D\" href='https:\/\/www.costablancaadv.com\/wp-content\/uploads\/2025\/01\/20240426_154612-scaled.jpg'><img loading=\"lazy\" decoding=\"async\" width=\"2560\" height=\"1180\" src=\"https:\/\/www.costablancaadv.com\/wp-content\/uploads\/2025\/01\/20240426_154612-scaled.jpg\" class=\"attachment-full size-full\" alt=\"\" srcset=\"https:\/\/www.costablancaadv.com\/wp-content\/uploads\/2025\/01\/20240426_154612-scaled.jpg 2560w, https:\/\/www.costablancaadv.com\/wp-content\/uploads\/2025\/01\/20240426_154612-300x138.jpg 300w, https:\/\/www.costablancaadv.com\/wp-content\/uploads\/2025\/01\/20240426_154612-1024x472.jpg 1024w, https:\/\/www.costablancaadv.com\/wp-content\/uploads\/2025\/01\/20240426_154612-768x354.jpg 768w, https:\/\/www.costablancaadv.com\/wp-content\/uploads\/2025\/01\/20240426_154612-1536x708.jpg 1536w, https:\/\/www.costablancaadv.com\/wp-content\/uploads\/2025\/01\/20240426_154612-2048x944.jpg 2048w\" sizes=\"(max-width: 2560px) 100vw, 2560px\" \/><\/a>\n\t\t\t<\/div><\/figure>\n\t\t<\/div>\n\t\t<\/div>\n\t\t\t\t\t\t<\/div>\n\t\t\t\t<\/div>\n\t\t\t\t\t<\/div>\n\t\t\t\t<\/div>\n\t\t<div class=\"elementor-element elementor-element-c8c528a e-flex e-con-boxed e-con e-parent\" data-id=\"c8c528a\" data-element_type=\"container\" data-e-type=\"container\">\n\t\t\t\t\t<div class=\"e-con-inner\">\n\t\t<div class=\"elementor-element elementor-element-e2510ea e-grid e-con-full e-con e-child\" data-id=\"e2510ea\" data-element_type=\"container\" data-e-type=\"container\">\n\t\t\t\t<div class=\"elementor-element elementor-element-ece6297 elementor-widget elementor-widget-heading\" data-id=\"ece6297\" data-element_type=\"widget\" data-e-type=\"widget\" data-widget_type=\"heading.default\">\n\t\t\t\t<div class=\"elementor-widget-container\">\n\t\t\t\t\t<h2 class=\"elementor-heading-title elementor-size-default translation-block\">Excited to start your adventure? <br \/>Have any questions? We're here to help!<\/h2>\t\t\t\t<\/div>\n\t\t\t\t<\/div>\n\t\t\t\t<div class=\"elementor-element elementor-element-d14ad56 elementor-button-danger elementor-align-center elementor-widget elementor-widget-button\" data-id=\"d14ad56\" data-element_type=\"widget\" data-e-type=\"widget\" data-widget_type=\"button.default\">\n\t\t\t\t<div class=\"elementor-widget-container\">\n\t\t\t\t\t\t\t\t\t<div class=\"elementor-button-wrapper\">\n\t\t\t\t\t<a class=\"elementor-button elementor-button-link elementor-size-sm\" href=\"\/en\/kontakt\/\">\n\t\t\t\t\t\t<span class=\"elementor-button-content-wrapper\">\n\t\t\t\t\t\t\t\t\t<span class=\"elementor-button-text\">Contact us<\/span>\n\t\t\t\t\t<\/span>\n\t\t\t\t\t<\/a>\n\t\t\t\t<\/div>\n\t\t\t\t\t\t\t\t<\/div>\n\t\t\t\t<\/div>\n\t\t\t\t<\/div>\n\t\t\t\t\t<\/div>\n\t\t\t\t<\/div>\n\t\t\t\t<\/div>","protected":false},"excerpt":{"rendered":"<p>Do dospozycji aktualnie mamy 6 nowych motocykli: 3 x VOGE 525 DSX 1 x BMW R1250GS 1 x Honda CRF 300L 1 x Royal Enfield 450 Himalayan 1 x Honda XL750 Transalp Baza motocykli b\u0119dzie na bie\u017c\u0105co si\u0119 powi\u0119ksza\u0107 https:\/\/www.youtube.com\/watch?v=c4FFplyk30A Gotowy, by do\u015bwiadczy\u0107 niezapomnianych wra\u017ce\u0144? A mo\u017ce masz pytania? Skontaktuj si\u0119 z nami<\/p>","protected":false},"author":1,"featured_media":0,"parent":0,"menu_order":0,"comment_status":"closed","ping_status":"closed","template":"","meta":{"om_disable_all_campaigns":false,"_monsterinsights_skip_tracking":false,"_monsterinsights_sitenote_active":false,"_monsterinsights_sitenote_note":"","_monsterinsights_sitenote_category":0,"_tbt_post_transparent":"","_tbt_post_title":"","_tbt_post_layout":"","_tbt_post_sidebar_id":"","_tbt_post_content_style":"","_tbt_post_vertical_padding":"","_tbt_post_feature":"","_tbt_post_feature_position":"","_tbt_post_header":false,"_tbt_post_footer":false},"class_list":["post-5160","page","type-page","status-publish","hentry"],"aioseo_notices":[],"jetpack_sharing_enabled":true,"_links":{"self":[{"href":"https:\/\/www.costablancaadv.com\/en\/wp-json\/wp\/v2\/pages\/5160","targetHints":{"allow":["GET"]}}],"collection":[{"href":"https:\/\/www.costablancaadv.com\/en\/wp-json\/wp\/v2\/pages"}],"about":[{"href":"https:\/\/www.costablancaadv.com\/en\/wp-json\/wp\/v2\/types\/page"}],"author":[{"embeddable":true,"href":"https:\/\/www.costablancaadv.com\/en\/wp-json\/wp\/v2\/users\/1"}],"replies":[{"embeddable":true,"href":"https:\/\/www.costablancaadv.com\/en\/wp-json\/wp\/v2\/comments?post=5160"}],"version-history":[{"count":36,"href":"https:\/\/www.costablancaadv.com\/en\/wp-json\/wp\/v2\/pages\/5160\/revisions"}],"predecessor-version":[{"id":11034,"href":"https:\/\/www.costablancaadv.com\/en\/wp-json\/wp\/v2\/pages\/5160\/revisions\/11034"}],"wp:attachment":[{"href":"https:\/\/www.costablancaadv.com\/en\/wp-json\/wp\/v2\/media?parent=5160"}],"curies":[{"name":"wp","href":"https:\/\/api.w.org\/{rel}","templated":true}]}}