{"id":2242,"date":"2021-10-25T11:40:43","date_gmt":"2021-10-25T11:40:43","guid":{"rendered":"https:\/\/wp.themedemo.org\/WCM07\/WCM070151\/?page_id=2242"},"modified":"2025-01-12T14:00:45","modified_gmt":"2025-01-12T13:00:45","slug":"about-us","status":"publish","type":"page","link":"https:\/\/www.costablancaadv.com\/en\/about-us\/","title":{"rendered":"About Us"},"content":{"rendered":"<div data-elementor-type=\"wp-page\" data-elementor-id=\"2242\" class=\"elementor elementor-2242\">\n\t\t\t\t\t\t<div class=\"elementor-section elementor-top-section elementor-element elementor-element-38b234a elementor-section-boxed elementor-section-height-default elementor-section-height-default\" data-id=\"38b234a\" data-element_type=\"section\" data-e-type=\"section\">\n\t\t\t\t\t\t<div class=\"elementor-container elementor-column-gap-default\">\n\t\t\t\t\t<div class=\"elementor-column elementor-col-50 elementor-top-column elementor-element elementor-element-6251d7e0\" data-id=\"6251d7e0\" data-element_type=\"column\" data-e-type=\"column\">\n\t\t\t<div class=\"elementor-widget-wrap elementor-element-populated\">\n\t\t\t\t\t\t<div class=\"elementor-element elementor-element-243c0bc elementor-widget elementor-widget-text-editor\" data-id=\"243c0bc\" data-element_type=\"widget\" data-e-type=\"widget\" data-widget_type=\"text-editor.default\">\n\t\t\t\t<div class=\"elementor-widget-container\">\n\t\t\t\t\t\t\t\t\t<p><strong>Welcome!<\/strong><\/p><p>We are a motorcycle-loving couple with a passion for adventure. For nearly 20 years, we\u2019ve been running a business in Poland focused on classic automobiles. Our love for motorcycles and the thousands of kilometers we\u2019ve ridden made us think\u2014how can we combine the things that matter most to us? Motorcycles, travel, sunshine, great food, and time with friends\u2026<\/p><p>After years of searching, we finally found it!<\/p><p>pain stole our hearts-specifically, the stunning Costa Blanca, the \"White Coast.\" With 320 days of sunshine a year, a year-round riding season, and a place where smiles come naturally, we knew this was it!<\/p><p>We can\u2019t wait to welcome you here.<\/p><p><strong>Robert &amp; Kasia<\/strong><\/p>\t\t\t\t\t\t\t\t<\/div>\n\t\t\t\t<\/div>\n\t\t\t\t\t<\/div>\n\t\t<\/div>\n\t\t\t\t<div class=\"elementor-column elementor-col-50 elementor-top-column elementor-element elementor-element-4948c37f\" data-id=\"4948c37f\" data-element_type=\"column\" data-e-type=\"column\">\n\t\t\t<div class=\"elementor-widget-wrap elementor-element-populated\">\n\t\t\t\t\t\t<div class=\"elementor-element elementor-element-9e6ba1a img-banner elementor-widget elementor-widget-image\" data-id=\"9e6ba1a\" data-element_type=\"widget\" data-e-type=\"widget\" data-widget_type=\"image.default\">\n\t\t\t\t<div class=\"elementor-widget-container\">\n\t\t\t\t\t\t\t\t\t\t\t\t\t\t\t<img fetchpriority=\"high\" decoding=\"async\" width=\"1440\" height=\"1080\" src=\"https:\/\/www.costablancaadv.com\/wp-content\/uploads\/2025\/01\/20240803_163006-Large.jpg\" class=\"attachment-full size-full wp-image-10307\" alt=\"\" srcset=\"https:\/\/www.costablancaadv.com\/wp-content\/uploads\/2025\/01\/20240803_163006-Large.jpg 1440w, https:\/\/www.costablancaadv.com\/wp-content\/uploads\/2025\/01\/20240803_163006-Large-300x225.jpg 300w, https:\/\/www.costablancaadv.com\/wp-content\/uploads\/2025\/01\/20240803_163006-Large-1024x768.jpg 1024w, https:\/\/www.costablancaadv.com\/wp-content\/uploads\/2025\/01\/20240803_163006-Large-768x576.jpg 768w\" sizes=\"(max-width: 1440px) 100vw, 1440px\" \/>\t\t\t\t\t\t\t\t\t\t\t\t\t\t\t<\/div>\n\t\t\t\t<\/div>\n\t\t\t\t\t<\/div>\n\t\t<\/div>\n\t\t\t\t\t<\/div>\n\t\t<\/div>\n\t\t\t\t<\/div>","protected":false},"excerpt":{"rendered":"<p>Witamy was! Jeste\u015bmy pozytywnie zakr\u0119con\u0105 par\u0105 w temacie motocykli. Od oko\u0142o 20 lat prowadzimy w Polsce biznes zwi\u0105zany z zabytkow\u0105 motoryzacj\u0105. Pasja do motocykli, tysi\u0105ce kilometr\u00f3w przejechanie na dw\u00f3ch k\u00f3\u0142kach sprawia\u0142y, \u017ce bardzo intensywnie zastanawiali\u015bmy si\u0119 jak po\u0142\u0105czy\u0107 ze sob\u0105 to co dla nas najwa\u017cniejsze tzn: motocykle, podr\u00f3\u017ce, pi\u0119kn\u0105 s\u0142oneczn\u0105 pogod\u0119, dobre jedzenie, spotkania z&#8230;<\/p>","protected":false},"author":1,"featured_media":0,"parent":0,"menu_order":0,"comment_status":"closed","ping_status":"closed","template":"","meta":{"om_disable_all_campaigns":false,"_monsterinsights_skip_tracking":false,"_monsterinsights_sitenote_active":false,"_monsterinsights_sitenote_note":"","_monsterinsights_sitenote_category":0,"_tbt_post_transparent":"","_tbt_post_title":"","_tbt_post_layout":"","_tbt_post_sidebar_id":"","_tbt_post_content_style":"","_tbt_post_vertical_padding":"","_tbt_post_feature":"","_tbt_post_feature_position":"","_tbt_post_header":false,"_tbt_post_footer":false},"class_list":["post-2242","page","type-page","status-publish","hentry"],"aioseo_notices":[],"jetpack_sharing_enabled":true,"_links":{"self":[{"href":"https:\/\/www.costablancaadv.com\/en\/wp-json\/wp\/v2\/pages\/2242","targetHints":{"allow":["GET"]}}],"collection":[{"href":"https:\/\/www.costablancaadv.com\/en\/wp-json\/wp\/v2\/pages"}],"about":[{"href":"https:\/\/www.costablancaadv.com\/en\/wp-json\/wp\/v2\/types\/page"}],"author":[{"embeddable":true,"href":"https:\/\/www.costablancaadv.com\/en\/wp-json\/wp\/v2\/users\/1"}],"replies":[{"embeddable":true,"href":"https:\/\/www.costablancaadv.com\/en\/wp-json\/wp\/v2\/comments?post=2242"}],"version-history":[{"count":30,"href":"https:\/\/www.costablancaadv.com\/en\/wp-json\/wp\/v2\/pages\/2242\/revisions"}],"predecessor-version":[{"id":10902,"href":"https:\/\/www.costablancaadv.com\/en\/wp-json\/wp\/v2\/pages\/2242\/revisions\/10902"}],"wp:attachment":[{"href":"https:\/\/www.costablancaadv.com\/en\/wp-json\/wp\/v2\/media?parent=2242"}],"curies":[{"name":"wp","href":"https:\/\/api.w.org\/{rel}","templated":true}]}}